{"id":1708,"date":"2020-11-13T19:24:04","date_gmt":"2020-11-13T19:24:04","guid":{"rendered":"https:\/\/www.knaak-legal.de\/declaration-de-confidentialite"},"modified":"2022-10-21T10:05:40","modified_gmt":"2022-10-21T10:05:40","slug":"declaration-de-confidentialite","status":"publish","type":"page","link":"https:\/\/www.knaak-legal.de\/fr\/declaration-de-confidentialite","title":{"rendered":"D\u00e9cla\u00adra\u00adti\u00adon de confidentialit\u00e9"},"content":{"rendered":"<div id=\"cabinet\" class=\"fusion-container-anchor\"><div class=\"fusion-fullwidth fullwidth-box fusion-builder-row-1 fusion-flex-container hundred-percent-fullwidth non-hundred-percent-height-scrolling\" style=\"--awb-border-radius-top-left:0px;--awb-border-radius-top-right:0px;--awb-border-radius-bottom-right:0px;--awb-border-radius-bottom-left:0px;--awb-padding-top:0px;--awb-padding-right:0px;--awb-padding-bottom:0px;--awb-padding-left:0px;--awb-flex-wrap:wrap;\"><div class=\"fusion-builder-row fusion-row fusion-flex-align-items-stretch fusion-flex-justify-content-flex-end fusion-flex-content-wrap\" style=\"width:calc( 100% + 0px ) !important;max-width:calc( 100% + 0px ) !important;margin-left: calc(-0px \/ 2 );margin-right: calc(-0px \/ 2 );\"><div class=\"fusion-layout-column fusion_builder_column fusion-builder-column-0 fusion_builder_column_1_3 1_3 fusion-flex-column fusion-no-small-visibility fusion-no-medium-visibility\" style=\"--awb-bg-size:cover;--awb-border-color:#993255;--awb-border-top:30px;--awb-border-style:solid;--awb-width-large:33.333333333333%;--awb-margin-top-large:110px;--awb-spacing-right-large:30px;--awb-margin-bottom-large:110px;--awb-spacing-left-large:0;--awb-width-medium:100%;--awb-order-medium:0;--awb-spacing-right-medium:0px;--awb-spacing-left-medium:0px;--awb-width-small:100%;--awb-order-small:0;--awb-spacing-right-small:0px;--awb-spacing-left-small:0px;\"><div class=\"fusion-column-wrapper fusion-column-has-shadow fusion-flex-justify-content-flex-start fusion-content-layout-column\"><\/div><\/div><div class=\"fusion-layout-column fusion_builder_column fusion-builder-column-1 fusion_builder_column_1_2 1_2 fusion-flex-column\" style=\"--awb-padding-top:100px;--awb-padding-bottom:100px;--awb-padding-top-medium:70px;--awb-padding-right-medium:20px;--awb-padding-bottom-medium:0px;--awb-padding-left-medium:20px;--awb-bg-size:cover;--awb-border-color:#dddddd;--awb-border-top:0px;--awb-border-right:0px;--awb-border-bottom:0px;--awb-border-left:0px;--awb-border-style:solid;--awb-width-large:50%;--awb-margin-top-large:0px;--awb-spacing-right-large:0;--awb-margin-bottom-large:0px;--awb-spacing-left-large:0px;--awb-width-medium:100%;--awb-order-medium:0;--awb-spacing-right-medium:0px;--awb-margin-bottom-medium:-70px;--awb-spacing-left-medium:0px;--awb-width-small:100%;--awb-order-small:0;--awb-spacing-right-small:0px;--awb-spacing-left-small:0px;\"><div class=\"fusion-column-wrapper fusion-column-has-shadow fusion-flex-justify-content-flex-start fusion-content-layout-column\"><div class=\"fusion-text fusion-text-1\"><h2>D\u00e9cla\u00adra\u00adti\u00adon de confidentialit\u00e9<\/h2>\n<\/div><div class=\"fusion-separator\" style=\"align-self: flex-start;margin-right:auto;margin-bottom:30px;width:100%;max-width:100px;\"><div class=\"fusion-separator-border sep-single sep-solid\" style=\"--awb-height:20px;--awb-amount:20px;border-color:#993255;border-top-width:2px;\"><\/div><\/div><div class=\"fusion-text fusion-text-2\"><p style=\"text-align: justify;\"><b>1. Infor\u00adma\u00adti\u00adon sur la coll\u00adec\u00adte des don\u00adn\u00e9es \u00e0 carac\u00adt\u00e8re per\u00adson\u00adnel<\/b><span class=\"Apple-converted-space\">  <\/span><\/p>\n<p style=\"text-align: justify;\">Dans le tex\u00adte sui\u00advant, nous vous infor\u00admons sur le trai\u00adte\u00adment de don\u00adn\u00e9es \u00e0 carac\u00adt\u00e8re per\u00adson\u00adnel coll\u00adec\u00adt\u00e9es dans le cad\u00adre de l\u2019utilisation d\u2019offres de pre\u00adsta\u00adti\u00adons du <b>KNAAK<\/b>LEGAL, Ma\u00eet\u00adre Dr. Knaak<span class=\"Apple-converted-space\">.<\/span> Les don\u00adn\u00e9es \u00e0 carac\u00adt\u00e8re per\u00adson\u00adnel sont tou\u00adtes les don\u00adn\u00e9es qui vous con\u00adcer\u00adnent per\u00adson\u00adnel\u00adle\u00adment, par exemp\u00adle nom, adres\u00adse posta\u00adle, adres\u00adses email, num\u00e9\u00adro de t\u00e9l\u00e9\u00adpho\u00adne ou com\u00adporte\u00adment d\u2019utilisation.<span class=\"Apple-converted-space\"> <\/span><\/p>\n<p style=\"text-align: justify;\">(2) Responsable du trai\u00adte\u00adment au sens de l\u2019article 4, para\u00adgra\u00adphe 7, du R\u00e8gle\u00adment g\u00e9n\u00e9\u00adral sur la pro\u00adtec\u00adtion des don\u00adn\u00e9es (RGPD) est Ma\u00eet\u00adre Dr. Tho\u00admas Knaak, Gra\u00adfen\u00adber\u00adger Allee 277\u2013278, 40237 D\u00fcs\u00adsel\u00addorf, email : <a href=\"mailto:knaak@knaak-legal.de\">knaak@knaak-legal.de<\/a>.<\/p>\n<p style=\"text-align: justify;\">(3) Con\u00adfor\u00adm\u00e9\u00adment aux dis\u00adpo\u00adsi\u00adti\u00adons l\u00e9ga\u00adles, le cabi\u00adnet juri\u00addi\u00adque n\u2019a pas beso\u00adin de d\u00e9l\u00e9\u00adgu\u00e9 \u00e0 la pro\u00adtec\u00adtion des don\u00adn\u00e9es. Pour tou\u00adtes ques\u00adti\u00adons rela\u00adti\u00adves \u00e0 la pro\u00adtec\u00adtion des don\u00adn\u00e9es, vot\u00adre interlo\u00adcu\u00adteur est Ma\u00eet\u00adre Dr. Knaak que vous pou\u00advez cont\u00adac\u00adter par email : <a href=\"mailto:knaak@knaak-legal.de\">knaak@knaak-legal.de<\/a> ou par cour\u00adri\u00ader pos\u00adtal \u00e0 not\u00adre adres\u00adse posta\u00adle (voir plus haut) ain\u00adsi que par t\u00e9l\u00e9\u00adpho\u00adne: +49 (0)211\/626896 ou par t\u00e9l\u00e9\u00adfax : +49 (0)211\/622518.<\/p>\n<p style=\"text-align: justify;\">Nous trai\u00adtons les don\u00adn\u00e9es \u00e0 carac\u00adt\u00e8re per\u00adson\u00adnel aux fins d\u2019ex\u00e9cution des obli\u00adga\u00adti\u00adons con\u00adtrac\u00adtu\u00adel\u00adles r\u00e9sul\u00adtant de com\u00adman\u00addes de nos cli\u00adents et dans le cad\u00adre d\u2019autres rela\u00adti\u00adons con\u00adtrac\u00adtu\u00adel\u00adles (p. ex. auto\u00adri\u00adt\u00e9s, four\u00adnis\u00adseurs, ban\u00adques, presta\u00adtai\u00adres) ain\u00adsi que pour infor\u00admer sur nos pre\u00adsta\u00adti\u00adons et les sujets juri\u00addi\u00adques en rele\u00advant (artic\u00adle 6, para\u00adgra\u00adphe 1, point b RGPD). Dans le cad\u00adre de la mise en \u00e9qui\u00adlib\u00adre des int\u00e9\u00adr\u00eats, vos don\u00adn\u00e9es peu\u00advent \u00eatre uti\u00adli\u00ads\u00e9es \u00e0 nos pro\u00adpres fins (artic\u00adle 6, para\u00adgra\u00adphe 1, point f RGPD). Pour le cas d\u2019une tel\u00adle uti\u00adli\u00adsa\u00adti\u00adon, nous atti\u00adrons expres\u00ads\u00e9\u00adment vot\u00adre atten\u00adti\u00adon sur le droit \u00e0 l\u2019opposition existant.<span class=\"Apple-converted-space\"> <\/span><\/p>\n<p style=\"text-align: justify;\"><b>2. Vos droits<\/b><\/p>\n<p style=\"text-align: justify;\">1) Vous avez les droits sui\u00advants \u00e0 not\u00adre \u00e9gard con\u00adcer\u00adnant les don\u00adn\u00e9es \u00e0 carac\u00adt\u00e8re per\u00adson\u00adnel coll\u00adec\u00adt\u00e9es sur&nbsp;vous&nbsp;:<\/p>\n<p style=\"text-align: justify;\">\u2013 droit d\u2019acc\u00e8s \u00e0 vos donn\u00e9es,<\/p>\n<p style=\"text-align: justify;\">\u2013 droit \u00e0 la rec\u00adti\u00adfi\u00adca\u00adti\u00adon et \u00e0 l\u2019effacement,<\/p>\n<p style=\"text-align: justify;\">\u2013 droit \u00e0 la limi\u00adta\u00adti\u00adon du traitement,<\/p>\n<p style=\"text-align: justify;\">\u2013 droit \u00e0 la limi\u00adta\u00adti\u00adon du trai\u00adte\u00adment, en par\u00adti\u00adcu\u00adlier lors d\u2019un trai\u00adte\u00adment sur la base de la mise en \u00e9qui\u00adlib\u00adre des int\u00e9r\u00eats,<\/p>\n<p style=\"text-align: justify;\">\u2013 droit \u00e0 la por\u00adta\u00adbi\u00adli\u00adt\u00e9 des donn\u00e9es,<\/p>\n<p style=\"text-align: justify;\">\u2013 droit de r\u00e9vo\u00adca\u00adti\u00adon du con\u00adsen\u00adte\u00adment au traitement&nbsp;.<\/p>\n<p style=\"text-align: justify;\">Les con\u00addi\u00adti\u00adons r\u00e9gis\u00adsant l\u2019exercice des dif\u00adf\u00e9r\u00adents droits figu\u00adrent dans le RGPD, et tout sp\u00e9\u00adcia\u00adle\u00adment dans les direc\u00adti\u00adves des artic\u00adles 12 \u00e0 22 RGPD.<span class=\"Apple-converted-space\"> <\/span><\/p>\n<p style=\"text-align: justify;\">(2) De plus, vous avez le droit de por\u00adter plain\u00adte aupr\u00e8s d\u2019une auto\u00adri\u00adt\u00e9 de con\u00adtr\u00f4\u00adle con\u00adcer\u00adnant le trai\u00adte\u00adment de vos don\u00adn\u00e9es \u00e0 carac\u00adt\u00e8re per\u00adson\u00adnel par&nbsp;nous.<\/p>\n<p style=\"text-align: justify;\"><b>3. Coll\u00adec\u00adte de don\u00adn\u00e9es \u00e0 carac\u00adt\u00e8re per\u00adson\u00adnel lors de la visi\u00adte de not\u00adre site internet<\/b><\/p>\n<p style=\"text-align: justify;\">(1) Dans la mesu\u00adre o\u00f9 vous ne con\u00adsen\u00adtez pas \u00e0 la coll\u00adec\u00adte et au trai\u00adte\u00adment des don\u00adn\u00e9es, tels qu\u2019ils sont d\u00e9crits ci-apr\u00e8s, lors de con\u00adne\u00adxi\u00adons \u00e0 not\u00adre site inter\u00adnet, nous vous pri\u00ado\u00adns de quit\u00adter ce site, de ne pas t\u00e9l\u00e9\u00adchar\u00adger d\u2019autres par\u00adties de ce site sur vot\u00adre ordi\u00adna\u00adteur et de ne pas nous cont\u00adac\u00adter par email. En effet, la coll\u00adec\u00adte et la m\u00e9mo\u00adri\u00adsa\u00adti\u00adon des don\u00adn\u00e9es ont lieu automatiquement.<\/p>\n<p style=\"text-align: justify;\">(2) Nous trai\u00adtons \u00e9ga\u00adle\u00adment des don\u00adn\u00e9es \u00e0 carac\u00adt\u00e8re per\u00adson\u00adnel qui sont coll\u00adec\u00adt\u00e9es lors de la simp\u00adle visi\u00adte de nos pages inter\u00adnet dans le but d\u2019am\u00e9liorer not\u00adre off\u00adre inter\u00adnet, ceci en respec\u00adtant les r\u00e9gle\u00admen\u00adta\u00adti\u00adons en vigueur en mati\u00e8\u00adre de pro\u00adtec\u00adtion des don\u00adn\u00e9es. Nous ne divul\u00adguons vos don\u00adn\u00e9es \u00e0 carac\u00adt\u00e8re per\u00adson\u00adnel \u00e0 des tiers ni sans vot\u00adre auto\u00adri\u00adsa\u00adti\u00adon ni sans aut\u00adre l\u00e9gitimation.<\/p>\n<p style=\"text-align: justify;\">Lors\u00adque vous visi\u00adtez nos pages inter\u00adnet, nos ser\u00adve\u00adurs web enre\u00adgist\u00adrent tem\u00adpo\u00adrai\u00adre\u00adment chaque acc\u00e8s dans un fichier jour\u00adnal. es don\u00adn\u00e9es sui\u00advan\u00adtes sont alors sai\u00adsies et con\u00adser\u00adv\u00e9es jusqu\u2019\u00e0 l\u2019ef\u00adfa\u00adce\u00adment automatique&nbsp;:<\/p>\n<p style=\"text-align: justify;\">adres\u00adse IP de l\u2019ordinateur demandeur<\/p>\n<p style=\"text-align: justify;\">date et heu\u00adre de la demande<\/p>\n<p style=\"text-align: justify;\">d\u00e9cala\u00adge horai\u00adre par rap\u00adport \u00e0 Green\u00adwich Mean Time (GMT)<\/p>\n<p style=\"text-align: justify;\">nom et URL du fichier appel\u00e9<\/p>\n<p style=\"text-align: justify;\">quan\u00adti\u00adt\u00e9 de don\u00adn\u00e9es transmises<\/p>\n<p style=\"text-align: justify;\">mes\u00adsa\u00adge rens\u00adeig\u00adnant si l\u2019acc\u00e8s au site a r\u00e9ussi<\/p>\n<p style=\"text-align: justify;\">don\u00adn\u00e9es de recon\u00adnais\u00adsance des sys\u00adt\u00e8\u00admes de navi\u00adga\u00adti\u00adon et d\u2019exploitation utilis\u00e9s<\/p>\n<p style=\"text-align: justify;\">site inter\u00adnet \u00e0 par\u00adtir duquel vot\u00adre ordi\u00adna\u00adteur a acc\u00e9\u00add\u00e9 \u00e0 not\u00adre&nbsp;site<\/p>\n<p style=\"text-align: justify;\">con\u00adtenu de la deman\u00adde (page concr\u00e8te)<\/p>\n<p style=\"text-align: justify;\">\u00e9tat de l\u2019acc\u00e8s \/ code d\u2019\u00e9tat HTTP<\/p>\n<p style=\"text-align: justify;\">navi\u00adga\u00adteur<\/p>\n<p style=\"text-align: justify;\">sys\u00adt\u00e8me d\u2019exploitation et interface<\/p>\n<p style=\"text-align: justify;\">lan\u00adgue et ver\u00adsi\u00adon du logi\u00adciel de navigation<\/p>\n<p style=\"text-align: justify;\">Le but du trai\u00adte\u00adment de ces don\u00adn\u00e9es est de per\u00admett\u00adre l\u2019utilisation du site inter\u00adnet (\u00e9ta\u00adblis\u00adse\u00adment de la con\u00adne\u00adxi\u00adon), la s\u00e9cu\u00adri\u00adt\u00e9 du sys\u00adt\u00e8me, l\u2019ad\u00admi\u00adnis\u00adtra\u00adti\u00adon tech\u00adni\u00adque de l\u2019infrastructure de r\u00e9seau ain\u00adsi que l\u2019optimisation de l\u2019offre inter\u00adnet. L\u2019adresse IP n\u2019est ana\u00adly\u00ads\u00e9e que lors de l\u2019acc\u00e8s \u00e0 l\u2019infrastructure de <b>KNAAK<\/b>LEGAL.<\/p>\n<p style=\"text-align: justify;\">Nous n\u2019\u00e9tablissons pas de pro\u00adfils cli\u00adent \u00e0 carac\u00adt\u00e8re per\u00adson\u00adnel non anony\u00admi\u00ads\u00e9s.<span class=\"Apple-converted-space\"> <\/span><\/p>\n<p style=\"text-align: justify;\"><b>4<\/b><b>. Uti\u00adli\u00adsa\u00adti\u00adon et trans\u00adfert de don\u00adn\u00e9es \u00e0 carac\u00adt\u00e8re personnel<\/b><\/p>\n<p style=\"text-align: justify;\">Tou\u00adte uti\u00adli\u00adsa\u00adti\u00adon de vos don\u00adn\u00e9es \u00e0 carac\u00adt\u00e8re per\u00adson\u00adnel a lieu uni\u00adquement aux fins d\u00e9fi\u00adnies au chif\u00adfre 1 et dans l\u2019ampleur per\u00admet\u00adtant d\u2019arriver \u00e0 ces&nbsp;fins.<\/p>\n<p style=\"text-align: justify;\">Le trans\u00adfert de don\u00adn\u00e9es \u00e0 carac\u00adt\u00e8re per\u00adson\u00adnel \u00e0 des insti\u00adtu\u00adti\u00adons \u00e9ta\u00adti\u00adques et \u00e0 des auto\u00adri\u00adt\u00e9s a uni\u00adquement lieu dans le cad\u00adre de direc\u00adti\u00adves l\u00e9gis\u00adla\u00adti\u00adves \u00e0 carac\u00adt\u00e8re con\u00adtraignant ou dans l\u2019int\u00e9r\u00eat public, en par\u00adti\u00adcu\u00adlier lors\u00adque le trans\u00adfert est n\u00e9ces\u00adsaire en cas d\u2019acc\u00e8s \u00e0 not\u00adre infra\u00adstruc\u00adtu\u00adre de r\u00e9seau \u00e0 des fins de pour\u00adsuites judi\u00adciai\u00adres ou p\u00e9na\u00adles (artic\u00adle 6, para\u00adgra\u00adphe 1, points c) et d), RGPD). Les don\u00adn\u00e9es ne sont pas trans\u00adf\u00e9\u00adr\u00e9es \u00e0 des tiers \u00e0 d\u2019autres fins<\/p>\n<p style=\"text-align: justify;\"><b>5. Email<\/b><\/p>\n<p style=\"text-align: justify;\">Les don\u00adn\u00e9es \u00e0 carac\u00adt\u00e8re per\u00adson\u00adnel que vous trans\u00admet\u00adtez par email sont m\u00e9mo\u00adri\u00ads\u00e9es et uti\u00adli\u00ads\u00e9es par <b>KNAAK<\/b>LEGAL pour trai\u00adter l\u2019email en fon\u00adc\u00adtion de sa desti\u00adna\u00adti\u00adon.<span class=\"Apple-converted-space\"> <\/span><\/p>\n<p style=\"text-align: justify;\"><b>KNAAK<\/b>LEGAL ne d\u00e9si\u00adre pas rece\u00advoir de publi\u00adci\u00adt\u00e9 et aut\u00adres off\u00adres com\u00adpa\u00adra\u00adbles sans en avoir fait la demande.<\/p>\n<p style=\"text-align: justify;\">Dans la mesu\u00adre o\u00f9 vous vou\u00adlez nous cont\u00adac\u00adter par email, nous atti\u00adrons vot\u00adre atten\u00adti\u00adon sur le fait que le con\u00adtenu d\u2019emails non cryp\u00adt\u00e9s peut \u00eatre lu par des tiers. En rai\u00adson des exi\u00adgen\u00adces de secret pro\u00adfes\u00adsi\u00adon\u00adnel des avo\u00adcats, nous avons beso\u00adin d\u2019une <b>D\u00e9cla\u00adra\u00adti\u00adon de dis\u00adpen\u00adse du secret pro\u00adfes\u00adsi\u00adon\u00adnel<\/b> con\u00adcer\u00adnant la com\u00admu\u00adni\u00adca\u00adti\u00adon moder\u00adne et d\u2019exclusion de responsa\u00adbi\u00adli\u00adt\u00e9 en cas d\u2019uti\u00adli\u00adsa\u00adti\u00adon de moy\u00adens de com\u00admu\u00adni\u00adca\u00adti\u00adon moder\u00adnes. <b>Vous pou\u00advez vous pro\u00adcu\u00adrer ces d\u00e9cla\u00adra\u00adti\u00adons en nous cont\u00adac\u00adtant par t\u00e9l\u00e9\u00adpho\u00adne (+49 (0)211\/626896) ou par t\u00e9l\u00e9\u00adfax (+49 (0)211\/622518). Nous vous l\u2019enverrons par fax si vous nous com\u00admu\u00adni\u00adquez vot\u00adre num\u00e9\u00adro de t\u00e9le\u00adfax ou \u00e0 vot\u00adre adres\u00adse posta\u00adle si vous nous com\u00admu\u00adni\u00adquez celle-ci.<span class=\"Apple-converted-space\"> <\/span><\/b><\/p>\n<p style=\"text-align: justify;\">Nous vous recom\u00adman\u00addons donc de nous envoy\u00ader les infor\u00adma\u00adti\u00adons con\u00adfi\u00adden\u00adti\u00adel\u00adles par voie posta\u00adle. Nous tenons \u00e0 vous infor\u00admer que les don\u00adn\u00e9es \u00e0 carac\u00adt\u00e8re per\u00adson\u00adnel que vous nous trans\u00admet\u00adtez par email sont enre\u00adgis\u00adtr\u00e9es et trai\u00adt\u00e9es en vue de la pour\u00adsuite du trai\u00adte\u00adment de vot\u00adre deman\u00adde voir plus haut Artic\u00adle&nbsp;3).<\/p>\n<p style=\"text-align: justify;\"><b>6. S\u00e9cu\u00adri\u00adt\u00e9<\/b><\/p>\n<p style=\"text-align: justify;\"><b>KNAAK<\/b>LEGAL a mis en place des mesu\u00adres de s\u00e9cu\u00adri\u00adt\u00e9 tech\u00adni\u00adques et orga\u00adni\u00adsa\u00adti\u00adon\u00adnel\u00adles pour pro\u00adt\u00e9\u00adger vos don\u00adn\u00e9es \u00e0 carac\u00adt\u00e8re per\u00adson\u00adnel g\u00e9r\u00e9es par nos soins cont\u00adre tou\u00adte mani\u00adpu\u00adla\u00adti\u00adon acci\u00adden\u00adtel\u00adle ou inten\u00adti\u00adon\u00adnel\u00adle ain\u00adsi que cont\u00adre la per\u00adte, la des\u00adtruc\u00adtion et tout acc\u00e8s par des per\u00adson\u00adnes non autoris\u00e9es.<\/p>\n<p style=\"text-align: justify;\"><b>7. Liens hyper\u00adtex\u00adtes vers des sites inter\u00adnet d\u2019autres fournisseurs<\/b><\/p>\n<p style=\"text-align: justify;\">Not\u00adre site inter\u00adnet con\u00adti\u00adent des liens vers des sites inter\u00adnet d\u2019autres four\u00adnis\u00adseurs, en par\u00adti\u00adcu\u00adlier celui de l\u2019 Ord\u00adre des avo\u00adcats de D\u00fcs\u00adsel\u00addorf et de la Chambre des experts-comp\u00adta\u00adbles. Nous souli\u00adgnons que la pr\u00e9\u00adsen\u00adte d\u00e9cla\u00adra\u00adti\u00adon de con\u00adfi\u00adden\u00adtia\u00adli\u00adt\u00e9 est exclu\u00adsi\u00adve\u00adment appli\u00adca\u00adble au site inter\u00adnet de <b>KNAAK<\/b>LEGAL Nous n\u2019avons aucu\u00adne influence sur le respect des r\u00e9gle\u00admen\u00adta\u00adti\u00adons en mati\u00e8\u00adre de pro\u00adtec\u00adtion des don\u00adn\u00e9es en vigueur par d\u2019autres per\u00adson\u00adnes et nous ne pou\u00advons pas le contr\u00f4ler.<\/p>\n<p style=\"text-align: justify;\"><b>8. Vali\u00addi\u00adt\u00e9 et mise \u00e0 jour de la d\u00e9cla\u00adra\u00adti\u00adon de confidentialit\u00e9<\/b><\/p>\n<p style=\"text-align: justify;\">La pr\u00e9\u00adsen\u00adte d\u00e9cla\u00adra\u00adti\u00adon de con\u00adfi\u00adden\u00adtia\u00adli\u00adt\u00e9 date du novembre 2020 et res\u00adte vali\u00adde tant qu\u2019elle n\u2019est pas rem\u00adpla\u00adc\u00e9e par une ver\u00adsi\u00adon mise \u00e0&nbsp;jour.<\/p>\n<p style=\"text-align: justify;\">Suite au d\u00e9ve\u00adlo\u00adp\u00adpe\u00adment de not\u00adre site inter\u00adnet ou la mise en place de nou\u00advel\u00adles tech\u00adno\u00adlo\u00adgies, il peut s\u2019av\u00e9rer n\u00e9ces\u00adsaire de modi\u00adfier la pr\u00e9\u00adsen\u00adte d\u00e9cla\u00adra\u00adti\u00adon de con\u00adfi\u00adden\u00adtia\u00adli\u00adt\u00e9. <b>KNAAK<\/b>LEGAL se r\u00e9ser\u00adve le droit de modi\u00adfier \u00e0 tout moment la pr\u00e9\u00adsen\u00adte d\u00e9cla\u00adra\u00adti\u00adon de con\u00adfi\u00adden\u00adtia\u00adli\u00adt\u00e9 avec effet futur. Nous vous recom\u00adman\u00addons donc de reli\u00adre la pr\u00e9\u00adsen\u00adte d\u00e9cla\u00adra\u00adti\u00adon de con\u00adfi\u00adden\u00adtia\u00adli\u00adt\u00e9 de temps \u00e0&nbsp;autre.<\/p>\n<\/div><\/div><\/div><div class=\"fusion-layout-column fusion_builder_column fusion-builder-column-2 fusion_builder_column_1_6 1_6 fusion-flex-column\" style=\"--awb-padding-top:100px;--awb-padding-right:10%;--awb-padding-bottom:100px;--awb-padding-left:10%;--awb-padding-top-medium:60px;--awb-padding-bottom-medium:60px;--awb-bg-position:center center;--awb-bg-size:cover;--awb-width-large:16.666666666667%;--awb-margin-top-large:0px;--awb-spacing-right-large:0;--awb-margin-bottom-large:0px;--awb-spacing-left-large:0px;--awb-width-medium:100%;--awb-order-medium:0;--awb-spacing-right-medium:0px;--awb-spacing-left-medium:0px;--awb-width-small:100%;--awb-order-small:0;--awb-spacing-right-small:0px;--awb-spacing-left-small:0px;\"><div class=\"fusion-column-wrapper fusion-column-has-shadow fusion-flex-justify-content-flex-start fusion-content-layout-column\"><\/div><\/div><\/div><\/div><\/div>\n","protected":false},"excerpt":{"rendered":"","protected":false},"author":1,"featured_media":0,"parent":0,"menu_order":0,"comment_status":"closed","ping_status":"closed","template":"100-width.php","meta":{"wp_typography_post_enhancements_disabled":false},"_links":{"self":[{"href":"https:\/\/www.knaak-legal.de\/fr\/wp-json\/wp\/v2\/pages\/1708"}],"collection":[{"href":"https:\/\/www.knaak-legal.de\/fr\/wp-json\/wp\/v2\/pages"}],"about":[{"href":"https:\/\/www.knaak-legal.de\/fr\/wp-json\/wp\/v2\/types\/page"}],"author":[{"embeddable":true,"href":"https:\/\/www.knaak-legal.de\/fr\/wp-json\/wp\/v2\/users\/1"}],"replies":[{"embeddable":true,"href":"https:\/\/www.knaak-legal.de\/fr\/wp-json\/wp\/v2\/comments?post=1708"}],"version-history":[{"count":0,"href":"https:\/\/www.knaak-legal.de\/fr\/wp-json\/wp\/v2\/pages\/1708\/revisions"}],"wp:attachment":[{"href":"https:\/\/www.knaak-legal.de\/fr\/wp-json\/wp\/v2\/media?parent=1708"}],"curies":[{"name":"wp","href":"https:\/\/api.w.org\/{rel}","templated":true}]}}