{"id":2448,"date":"2022-10-21T10:43:50","date_gmt":"2022-10-21T10:43:50","guid":{"rendered":"https:\/\/www.knaak-legal.de\/politique-europeenne-relative-aux-cookies"},"modified":"2022-10-21T10:43:53","modified_gmt":"2022-10-21T10:43:53","slug":"politique-europeenne-relative-aux-cookies","status":"publish","type":"page","link":"https:\/\/www.knaak-legal.de\/fr\/politique-europeenne-relative-aux-cookies","title":{"rendered":"Poli\u00adtique euro\u00adp\u00e9\u00aden\u00adne rela\u00adti\u00adve aux cookies"},"content":{"rendered":"<p><\/p><div id=\"cabinet\" class=\"fusion-container-anchor\"><div class=\"fusion-fullwidth fullwidth-box fusion-builder-row-1 fusion-flex-container hundred-percent-fullwidth non-hundred-percent-height-scrolling\" style=\"--awb-border-radius-top-left:0px;--awb-border-radius-top-right:0px;--awb-border-radius-bottom-right:0px;--awb-border-radius-bottom-left:0px;--awb-padding-top:0px;--awb-padding-right:0px;--awb-padding-bottom:0px;--awb-padding-left:0px;--awb-flex-wrap:wrap;\"><div class=\"fusion-builder-row fusion-row fusion-flex-align-items-stretch fusion-flex-justify-content-flex-end fusion-flex-content-wrap\" style=\"width:calc( 100% + 0px ) !important;max-width:calc( 100% + 0px ) !important;margin-left: calc(-0px \/ 2 );margin-right: calc(-0px \/ 2 );\"><div class=\"fusion-layout-column fusion_builder_column fusion-builder-column-0 fusion_builder_column_1_3 1_3 fusion-flex-column fusion-no-small-visibility fusion-no-medium-visibility\" style=\"--awb-bg-size:cover;--awb-border-color:#993255;--awb-border-top:30px;--awb-border-style:solid;--awb-width-large:33.333333333333%;--awb-margin-top-large:110px;--awb-spacing-right-large:30px;--awb-margin-bottom-large:110px;--awb-spacing-left-large:0;--awb-width-medium:100%;--awb-order-medium:0;--awb-spacing-right-medium:0px;--awb-spacing-left-medium:0px;--awb-width-small:100%;--awb-order-small:0;--awb-spacing-right-small:0px;--awb-spacing-left-small:0px;\"><div class=\"fusion-column-wrapper fusion-column-has-shadow fusion-flex-justify-content-flex-start fusion-content-layout-column\"><\/div><\/div><div class=\"fusion-layout-column fusion_builder_column fusion-builder-column-1 fusion_builder_column_1_2 1_2 fusion-flex-column\" style=\"--awb-padding-top:100px;--awb-padding-bottom:100px;--awb-padding-top-medium:70px;--awb-padding-right-medium:20px;--awb-padding-bottom-medium:0px;--awb-padding-left-medium:20px;--awb-bg-size:cover;--awb-border-color:#dddddd;--awb-border-top:0px;--awb-border-right:0px;--awb-border-bottom:0px;--awb-border-left:0px;--awb-border-style:solid;--awb-width-large:50%;--awb-margin-top-large:0px;--awb-spacing-right-large:0;--awb-margin-bottom-large:0px;--awb-spacing-left-large:0px;--awb-width-medium:100%;--awb-order-medium:0;--awb-spacing-right-medium:0px;--awb-margin-bottom-medium:-70px;--awb-spacing-left-medium:0px;--awb-width-small:100%;--awb-order-small:0;--awb-spacing-right-small:0px;--awb-spacing-left-small:0px;\"><div class=\"fusion-column-wrapper fusion-column-has-shadow fusion-flex-justify-content-flex-start fusion-content-layout-column\"><div class=\"fusion-text fusion-text-1\"><h2>Poli\u00adtique euro\u00adp\u00e9\u00aden\u00adne rela\u00adti\u00adve aux cookies<\/h2>\n<\/div><div class=\"fusion-separator\" style=\"align-self: flex-start;margin-right:auto;margin-bottom:30px;width:100%;max-width:100px;\"><div class=\"fusion-separator-border sep-single sep-solid\" style=\"--awb-height:20px;--awb-amount:20px;border-color:#993255;border-top-width:2px;\"><\/div><\/div><div class=\"fusion-text fusion-text-2\"><p><!-- Legal document generated by Complianz | GDPR\/CCPA Cookie Consent https:\/\/wordpress.org\/plugins\/complianz-gdpr --><\/p>\n<div id=\"cmplz-document\" class=\"cmplz-document cookie-statement cmplz-document-eu\">\n<p><i>Cet\u00adte poli\u00adtique de coo\u00adkies a \u00e9t\u00e9 mise \u00e0 jour pour la der\u00adni\u00e8\u00adre fois le 21. octobre 2022 et s\u2019applique aux citoy\u00adens et aux r\u00e9si\u00addents per\u00adma\u00adnents l\u00e9gaux de l\u2019Espace \u00c9co\u00adno\u00admi\u00adque Euro\u00adp\u00e9\u00aden et de la Suisse.<\/i><br><\/p>\n<h2>1. Intro\u00adduc\u00adtion<\/h2>\n<p>Not\u00adre site web, <a href=\"https:\/\/www.knaak-legal.de\/fr\">https:\/\/www.knaak-legal.de\/fr<\/a> (ci-apr\u00e8s&nbsp;: \u00ab&nbsp;le site web&nbsp;\u00bb) uti\u00adli\u00adse des coo\u00adkies et aut\u00adres tech\u00adno\u00adlo\u00adgies li\u00e9es (par sim\u00adpli\u00adfi\u00adca\u00adti\u00adon, tou\u00adtes ces tech\u00adno\u00adlo\u00adgies sont d\u00e9si\u00adgn\u00e9es par le ter\u00adme \u00ab&nbsp;coo\u00adkies&nbsp;\u00bb). Des coo\u00adkies sont \u00e9ga\u00adle\u00adment pla\u00adc\u00e9s par des tier\u00adces par\u00adties que nous avons enga\u00adg\u00e9es. Dans le docu\u00adment ci-des\u00adsous, nous vous infor\u00admons de l\u2019utilisation des coo\u00adkies sur not\u00adre site&nbsp;web.<\/p>\n<h2>2. Que sont les cookies&nbsp;?<\/h2>\n<p>Un coo\u00adkie est un petit fichier simp\u00adle envoy\u00e9 avec les pages de ce site web et stock\u00e9 par vot\u00adre navi\u00adga\u00adteur sur le dis\u00adque dur de vot\u00adre ordi\u00adna\u00adteur ou d\u2019un aut\u00adre appa\u00adreil. Les infor\u00adma\u00adti\u00adons qui y sont stock\u00e9es peu\u00advent \u00eatre ren\u00advoy\u00ad\u00e9es \u00e0 nos ser\u00adve\u00adurs ou aux ser\u00adve\u00adurs des tier\u00adces par\u00adties con\u00adcer\u00adn\u00e9es lors d\u2019une visi\u00adte ult\u00e9rieure.<\/p>\n<h2>3. Que sont les scripts&nbsp;?<\/h2>\n<p>Un script est un \u00e9l\u00e9\u00adment de code uti\u00adli\u00ads\u00e9 pour que not\u00adre site web fon\u00adc\u00adtion\u00adne cor\u00adrec\u00adte\u00adment et de mani\u00e8\u00adre inter\u00adac\u00adti\u00adve. Ce code est ex\u00e9\u00adcu\u00adt\u00e9 sur not\u00adre ser\u00adveur ou sur vot\u00adre appareil.<\/p>\n<h2>4. Qu\u2019est-ce qu\u2019une bali\u00adse invisible&nbsp;?<\/h2>\n<p>Une bali\u00adse invi\u00adsi\u00adble (ou bali\u00adse web) est un petit morceau de tex\u00adte ou d\u2019image invi\u00adsi\u00adble sur un site web, uti\u00adli\u00ads\u00e9 pour sui\u00adv\u00adre le tra\u00adfic sur un site web. Pour ce fai\u00adre, diver\u00adses don\u00adn\u00e9es vous con\u00adcer\u00adnant sont stock\u00e9es \u00e0 l\u2019aide de bali\u00adses invisibles.<\/p>\n<h2>5. Coo\u00adkies<\/h2>\n<p class=\"cmplz-subtitle\">5.1 Coo\u00adkies tech\u00adni\u00adques ou fonctionnels<\/p>\n<p>Cer\u00adta\u00adins coo\u00adkies assu\u00adrent le fon\u00adc\u00adtion\u00adne\u00adment cor\u00adrect de cer\u00adtai\u00adnes par\u00adties du site web et la pri\u00adse en comp\u00adte de vos pr\u00e9\u00adf\u00e9\u00adren\u00adces en tant qu\u2019internaute. En pla\u00ad\u00e7ant des coo\u00adkies fon\u00adc\u00adtion\u00adnels, nous vous faci\u00adli\u00adtons la visi\u00adte de not\u00adre site web. Ain\u00adsi, vous n\u2019avez pas beso\u00adin de sai\u00adsir \u00e0 plu\u00ads\u00adieurs repri\u00adses les m\u00eames infor\u00adma\u00adti\u00adons lors de la visi\u00adte de not\u00adre site web et, par exemp\u00adle, les \u00e9l\u00e9\u00adments restent dans vot\u00adre panier jusqu\u2019\u00e0 vot\u00adre pai\u00adement. Nous pou\u00advons pla\u00adcer ces coo\u00adkies sans vot\u00adre consentement.<\/p>\n<h2>6. Coo\u00adkies plac\u00e9s<\/h2>\n<div id=\"cmplz-cookies-overview\">\n<details class=\"cmplz-dropdown cmplz-service-desc cmplz-dropdown-cookiepolicy \">\n<summary class=\"cmplz-service-header\">\n<div>\n<h3>DSGVO for&nbsp;WP<\/h3>\n<p>Fon\u00adc\u00adtion\u00adnel<\/p>\n<p>\t\t<label for=\"cmplz_service_dsgvo-for-wp\" class=\"cmplz_consent_per_service_label\"><span class=\"screen-reader-text\">Con\u00adsent to ser\u00advice dsgvo-for-wp<\/span><\/label>\n\t\t<input type=\"checkbox\" id=\"cmplz_service_dsgvo-for-wp\" class=\"cmplz-accept-service cmplz-hidden\" data-service=\"dsgvo-for-wp\" data-category=\"functional\"><\/p><\/div>\n<\/summary>\n<div class=\"cmplz-service-description\">\n<h4>Uti\u00adli\u00adsa\u00adti\u00adon<\/h4>\n<p> <a target=\"_blank\" rel=\"noopener noreferrer nofollow\" href=\"https:\/\/cookiedatabase.org\/service\/dsgvo-for-wp\/\">Lire la&nbsp;suite<\/a><\/p>\n<\/div>\n<div class=\"cmplz-sharing-data\">\n<h4>Par\u00adta\u00adge de donn\u00e9es<\/h4>\n<p>Ces don\u00adn\u00e9es ne sont pas par\u00adta\u00adg\u00e9es avec des tier\u00adces parties.<\/p>\n<\/div>\n<div class=\"cookies-per-purpose\">\n<div class=\"purpose\">\n<h4>Fina\u00adli\u00adt\u00e9 en atten\u00adte d\u2019enqu\u00eate<\/h4>\n<\/div>\n<div class=\"name-header\">\n<h5>Nom<\/h5>\n<\/div>\n<div class=\"name\"><a target=\"_blank\" rel=\"noopener noreferrer nofollow\" href=\"https:\/\/cookiedatabase.org\/cookie\/dsgvo-for-wp\/dsgvoaio_respondall\/\">dsgvoaio_respondall<\/a><\/div>\n<div class=\"retention-header\">\n<h5>Expi\u00adra\u00adti\u00adon<\/h5>\n<\/div>\n<div class=\"retention\"><\/div>\n<div class=\"function-header\">\n<h5>Fon\u00adc\u00adtion<\/h5>\n<\/div>\n<div class=\"function\"><\/div>\n<\/div>\n<div class=\"cookies-per-purpose\">\n<div class=\"purpose\">\n<h4>Fon\u00adc\u00adtion\u00adnel<\/h4>\n<\/div>\n<div class=\"name-header\">\n<h5>Nom<\/h5>\n<\/div>\n<div class=\"name\"><a target=\"_blank\" rel=\"noopener noreferrer nofollow\" href=\"https:\/\/cookiedatabase.org\/cookie\/dsgvo-for-wp\/dsgvoaio\/\">dsgvo\u00adaio<\/a><\/div>\n<div class=\"retention-header\">\n<h5>Expi\u00adra\u00adti\u00adon<\/h5>\n<\/div>\n<div class=\"retention\">per\u00adsistan\u00adte<\/div>\n<div class=\"function-header\">\n<h5>Fon\u00adc\u00adtion<\/h5>\n<\/div>\n<div class=\"function\">Sto\u00adcker les pr\u00e9\u00adf\u00e9\u00adren\u00adces de confidentialit\u00e9<\/div>\n<div class=\"name-header\">\n<h5>Nom<\/h5>\n<\/div>\n<div class=\"name\"><a target=\"_blank\" rel=\"noopener noreferrer nofollow\" href=\"https:\/\/cookiedatabase.org\/cookie\/dsgvo-for-wp\/dsgvoaio_create\/\">dsgvoaio_create<\/a><\/div>\n<div class=\"retention-header\">\n<h5>Expi\u00adra\u00adti\u00adon<\/h5>\n<\/div>\n<div class=\"retention\">per\u00adsistan\u00adte<\/div>\n<div class=\"function-header\">\n<h5>Fon\u00adc\u00adtion<\/h5>\n<\/div>\n<div class=\"function\">Sto\u00adcker la dur\u00e9e de la visite<\/div>\n<\/div>\n<\/details>\n<details class=\"cmplz-dropdown cmplz-service-desc cmplz-dropdown-cookiepolicy \">\n<summary class=\"cmplz-service-header\">\n<div>\n<h3>WPML<\/h3>\n<p>Fon\u00adc\u00adtion\u00adnel<\/p>\n<p>\t\t<label for=\"cmplz_service_wpml\" class=\"cmplz_consent_per_service_label\"><span class=\"screen-reader-text\">Con\u00adsent to ser\u00advice&nbsp;wpml<\/span><\/label>\n\t\t<input type=\"checkbox\" id=\"cmplz_service_wpml\" class=\"cmplz-accept-service cmplz-hidden\" data-service=\"wpml\" data-category=\"functional\"><\/p><\/div>\n<\/summary>\n<div class=\"cmplz-service-description\">\n<h4>Uti\u00adli\u00adsa\u00adti\u00adon<\/h4>\n<p>Nous uti\u00adli\u00adsons WPML pour la ges\u00adti\u00adon des param\u00e8\u00adtres r\u00e9gi\u00adon\u00adaux. <a target=\"_blank\" rel=\"noopener noreferrer nofollow\" href=\"https:\/\/cookiedatabase.org\/service\/wpml\/\">Lire la&nbsp;suite<\/a><\/p>\n<\/div>\n<div class=\"cmplz-sharing-data\">\n<h4>Par\u00adta\u00adge de donn\u00e9es<\/h4>\n<p>Ces don\u00adn\u00e9es ne sont pas par\u00adta\u00adg\u00e9es avec des tier\u00adces parties.<\/p>\n<\/div>\n<div class=\"cookies-per-purpose\">\n<div class=\"purpose\">\n<h4>Fon\u00adc\u00adtion\u00adnel<\/h4>\n<\/div>\n<div class=\"name-header\">\n<h5>Nom<\/h5>\n<\/div>\n<div class=\"name\"><a target=\"_blank\" rel=\"noopener noreferrer nofollow\" href=\"https:\/\/cookiedatabase.org\/cookie\/wpml\/wp-wpml_current_language\/\">wp-wpml_\u00adcur\u00adren\u00adt_lan\u00adguage<\/a><\/div>\n<div class=\"retention-header\">\n<h5>Expi\u00adra\u00adti\u00adon<\/h5>\n<\/div>\n<div class=\"retention\">1 jour<\/div>\n<div class=\"function-header\">\n<h5>Fon\u00adc\u00adtion<\/h5>\n<\/div>\n<div class=\"function\">Sto\u00adcker les r\u00e9g\u00adla\u00adges de langue<\/div>\n<\/div>\n<\/details>\n<details class=\"cmplz-dropdown cmplz-service-desc cmplz-dropdown-cookiepolicy \">\n<summary class=\"cmplz-service-header\">\n<div>\n<h3>Divers<\/h3>\n<p>Fina\u00adli\u00adt\u00e9 en atten\u00adte d\u2019enqu\u00eate<\/p>\n<p>\t\t<label for=\"cmplz_service_divers\" class=\"cmplz_consent_per_service_label\"><span class=\"screen-reader-text\">Con\u00adsent to ser\u00advice divers<\/span><\/label>\n\t\t<input type=\"checkbox\" id=\"cmplz_service_divers\" class=\"cmplz-accept-service cmplz-hidden\" data-service=\"divers\" data-category=\"functional\"><\/p><\/div>\n<\/summary>\n<div class=\"cmplz-service-description\">\n<h4>Uti\u00adli\u00adsa\u00adti\u00adon<\/h4>\n<\/div>\n<div class=\"cmplz-sharing-data\">\n<h4>Par\u00adta\u00adge de donn\u00e9es<\/h4>\n<p>Le par\u00adta\u00adge des don\u00adn\u00e9es est en cours d\u2019enqu\u00eate<\/p>\n<\/div>\n<div class=\"cookies-per-purpose\">\n<div class=\"purpose\">\n<h4>Fina\u00adli\u00adt\u00e9 en atten\u00adte d\u2019enqu\u00eate<\/h4>\n<\/div>\n<div class=\"name-header\">\n<h5>Nom<\/h5>\n<\/div>\n<div class=\"name\">_uniqueuid<\/div>\n<div class=\"retention-header\">\n<h5>Expi\u00adra\u00adti\u00adon<\/h5>\n<\/div>\n<div class=\"retention\"><\/div>\n<div class=\"function-header\">\n<h5>Fon\u00adc\u00adtion<\/h5>\n<\/div>\n<div class=\"function\"><\/div>\n<\/div>\n<\/details>\n<\/div>\n<h2>7. Con\u00adsen\u00adte\u00adment<\/h2>\n<p>Lors\u00adque vous visi\u00adtez not\u00adre site web pour la pre\u00admi\u00e8\u00adre fois, nous vous mon\u00adtre\u00adrons une fen\u00eat\u00adre con\u00adtex\u00adtu\u00adel\u00adle avec une expli\u00adca\u00adti\u00adon sur les coo\u00adkies. D\u00e8s que vous cli\u00adquez sur \u00ab&nbsp;Ein\u00adstel\u00adlun\u00adgen spei\u00adchern&nbsp;\u00bb vous nous auto\u00adri\u00adsez \u00e0 uti\u00adli\u00adser les cat\u00e9\u00adgo\u00adries de coo\u00adkies et d\u2019extensions que vous avez s\u00e9lec\u00adtion\u00adn\u00e9s dans la fen\u00eat\u00adre con\u00adtex\u00adtu\u00adel\u00adle, com\u00adme d\u00e9crit dans la pr\u00e9\u00adsen\u00adte poli\u00adtique de coo\u00adkies. Vous pou\u00advez d\u00e9sac\u00adti\u00adver l\u2019utilisation des coo\u00adkies via vot\u00adre navi\u00adga\u00adteur, mais veuil\u00adlez noter que not\u00adre site web pour\u00adrait ne plus fon\u00adc\u00adtion\u00adner correctement.<\/p>\n<p class=\"cmplz-subtitle\">7.1 G\u00e9rez vos r\u00e9g\u00adla\u00adges de consentement<\/p>\n<div id=\"cmplz-manage-consent-container-nojavascript\">Vous avez char\u00adg\u00e9 la poli\u00adtique de coo\u00adkies sans le sup\u00adport de java\u00adscript.&nbsp;Sur AMP, vous pou\u00advez uti\u00adli\u00adser l\u2019onglet de ges\u00adti\u00adon du con\u00adsen\u00adte\u00adment en bas de la&nbsp;page.<\/div>\n<div id=\"cmplz-manage-consent-container\" name=\"cmplz-manage-consent-container\" class=\"cmplz-manage-consent-container\"><\/div>\n<h2>8. Activer\/d\u00e9sactiver et sup\u00adp\u00adri\u00admer les cookies<\/h2>\n<p>Vous pou\u00advez uti\u00adli\u00adser vot\u00adre navi\u00adga\u00adteur inter\u00adnet pour sup\u00adp\u00adri\u00admer auto\u00adma\u00adti\u00adquement ou manu\u00adel\u00adle\u00adment les coo\u00adkies. Vous pou\u00advez \u00e9ga\u00adle\u00adment sp\u00e9\u00adci\u00adfier que cer\u00adta\u00adins coo\u00adkies ne peu\u00advent pas \u00eatre pla\u00adc\u00e9s. Une aut\u00adre opti\u00adon con\u00adsis\u00adte \u00e0 modi\u00adfier les r\u00e9g\u00adla\u00adges de vot\u00adre navi\u00adga\u00adteur Inter\u00adnet afin que vous rece\u00adviez un mes\u00adsa\u00adge \u00e0 chaque fois qu\u2019un coo\u00adkie est pla\u00adc\u00e9. Pour plus d\u2019informations sur ces opti\u00adons, repor\u00adtez-vous aux ins\u00adtruc\u00adtions de la sec\u00adtion Aide de vot\u00adre navigateur.<\/p>\n<p>Veuil\u00adlez noter que not\u00adre site web peut ne pas mar\u00adcher cor\u00adrec\u00adte\u00adment si tous les coo\u00adkies sont d\u00e9sac\u00adti\u00adv\u00e9s. Si vous sup\u00adp\u00adri\u00admez les coo\u00adkies dans vot\u00adre navi\u00adga\u00adteur, ils seront de nou\u00adveau pla\u00adc\u00e9s apr\u00e8s vot\u00adre con\u00adsen\u00adte\u00adment lors\u00adque vous revi\u00adsi\u00adte\u00adrez nos sites&nbsp;web.<\/p>\n<h2>9. Vos droits con\u00adcer\u00adnant les don\u00adn\u00e9es personnelles<\/h2>\n<p>Vous avez les droits sui\u00advants con\u00adcer\u00adnant vos don\u00adn\u00e9es personnelles&nbsp;:<\/p>\n<ul>\n<li>Vous avez le droit de savoir pour\u00adquoi vos don\u00adn\u00e9es per\u00adson\u00adnel\u00adles sont n\u00e9ces\u00adsaires, ce qui leur arri\u00adve\u00adra et com\u00adbien de temps elles seront conserv\u00e9es.<\/li>\n<li>Droit d\u2019acc\u00e8s&nbsp;: vous avez le droit d\u2019acc\u00e9der \u00e0 vos don\u00adn\u00e9es per\u00adson\u00adnel\u00adles que nous connaissons.<\/li>\n<li>Droit de rec\u00adti\u00adfi\u00adca\u00adti\u00adon&nbsp;: vous avez le droit \u00e0 tout moment de com\u00adpl\u00e9\u00adter, cor\u00adri\u00adger, fai\u00adre sup\u00adp\u00adri\u00admer ou blo\u00adquer vos don\u00adn\u00e9es personnelles.<\/li>\n<li>Si vous nous don\u00adnez vot\u00adre con\u00adsen\u00adte\u00adment pour le trai\u00adte\u00adment de vos don\u00adn\u00e9es, vous avez le droit de r\u00e9vo\u00adquer ce con\u00adsen\u00adte\u00adment et de fai\u00adre sup\u00adp\u00adri\u00admer vos don\u00adn\u00e9es personnelles.<\/li>\n<li>Droit de trans\u00adf\u00e9\u00adrer vos don\u00adn\u00e9es&nbsp;: vous avez le droit de deman\u00adder tou\u00adtes vos don\u00adn\u00e9es per\u00adson\u00adnel\u00adles au responsable du trai\u00adte\u00adment et de les trans\u00adf\u00e9\u00adrer dans leur int\u00e9\u00adgra\u00adli\u00adt\u00e9 \u00e0 un aut\u00adre responsable du traitement.<\/li>\n<li>Droit d\u2019opposition&nbsp;: vous pou\u00advez vous oppo\u00adser au trai\u00adte\u00adment de vos don\u00adn\u00e9es. Nous obtemp\u00e9\u00adre\u00adrons, \u00e0 moins que cer\u00adtai\u00adnes rai\u00adsons ne jus\u00adti\u00adfi\u00adent ce traitement.<\/li>\n<\/ul>\n<p>Pour exer\u00adcer ces droits, veuil\u00adlez nous cont\u00adac\u00adter. Veuil\u00adlez vous r\u00e9f\u00e9\u00adrer aux coor\u00addon\u00adn\u00e9es au bas de cet\u00adte poli\u00adtique de coo\u00adkies. Si vous avez une plain\u00adte con\u00adcer\u00adnant la fa\u00e7on dont nous trai\u00adtons vos don\u00adn\u00e9es, nous aimer\u00adi\u00adons en \u00eatre infor\u00adm\u00e9s, mais vous avez \u00e9ga\u00adle\u00adment le droit de d\u00e9po\u00adser une plain\u00adte aupr\u00e8s de l\u2019autorit\u00e9 de con\u00adtr\u00f4\u00adle (l\u2019autorit\u00e9 char\u00adg\u00e9e de la pro\u00adtec\u00adtion des donn\u00e9es).<\/p>\n<h2>10. Coor\u00addon\u00adn\u00e9es<\/h2>\n<p>Pour des ques\u00adti\u00adons et\/ou des com\u00admen\u00adtai\u00adres sur not\u00adre poli\u00adtique de coo\u00adkies et cet\u00adte d\u00e9cla\u00adra\u00adti\u00adon, veuil\u00adlez nous cont\u00adac\u00adter en uti\u00adli\u00adsant les coor\u00addon\u00adn\u00e9es suivantes&nbsp;:<\/p>\n<p><span class=\"cmplz-contact-organisation\">Dr. jur. Tho\u00admas Knaak, C\u00f3n\u00adsul a.h.<\/span><br>\n                      <span class=\"cmplz-contact-address\">Gra\u00adfen\u00adber\u00adger Allee 277\u2013287<br>\n40237 D\u00fcsseldorf<\/span><br>\n                      <span class=\"cmplz-contact-country\">Alle\u00adma\u00adgne<\/span><br>\n                    Site web&nbsp;: <span class=\"cmplz-contact-domain\"><a href=\"https:\/\/www.knaak-legal.de\/fr\">https:\/\/www.knaak-legal.de\/fr<\/a><\/span><br>\n                    E\u2011mail&nbsp;: <span class=\"cmplz-contact-email\"><span class=\"cmplz-obfuscate\">ed.lagel-kaank@ofni<\/span><\/span><br>\n                    <span class=\"cmplz-contact-telephone\">Num\u00e9\u00adro de t\u00e9l\u00e9\u00adpho\u00adne: +49(0) 211 62 68&nbsp;96<\/span><\/p>\n<p>Cet\u00adte poli\u00adtique de coo\u00adkies a \u00e9t\u00e9 syn\u00adchro\u00adni\u00ads\u00e9e avec <a href=\"https:\/\/cookiedatabase.org\/\" target=\"_blank\">cookiedatabase.org<\/a> le 21. octobre 2022.<\/p>\n<\/div>\n<\/div><div class=\"fusion-separator fusion-full-width-sep\" style=\"align-self: center;margin-left: auto;margin-right: auto;margin-top:25px;margin-bottom:4px;width:100%;\"><\/div><\/div><\/div><div class=\"fusion-layout-column fusion_builder_column fusion-builder-column-2 fusion_builder_column_1_6 1_6 fusion-flex-column\" style=\"--awb-padding-top:100px;--awb-padding-right:10%;--awb-padding-bottom:100px;--awb-padding-left:10%;--awb-padding-top-medium:60px;--awb-padding-bottom-medium:60px;--awb-bg-position:center center;--awb-bg-size:cover;--awb-width-large:16.666666666667%;--awb-margin-top-large:0px;--awb-spacing-right-large:0;--awb-margin-bottom-large:0px;--awb-spacing-left-large:0px;--awb-width-medium:100%;--awb-order-medium:0;--awb-spacing-right-medium:0px;--awb-spacing-left-medium:0px;--awb-width-small:100%;--awb-order-small:0;--awb-spacing-right-small:0px;--awb-spacing-left-small:0px;\"><div class=\"fusion-column-wrapper fusion-column-has-shadow fusion-flex-justify-content-flex-start fusion-content-layout-column\"><\/div><\/div><\/div><\/div><\/div><div class=\"fusion-bg-parallax\" data-bg-align=\"center center\" data-direction=\"up\" data-mute=\"false\" data-opacity=\"100\" data-velocity=\"-0.3\" data-mobile-enabled=\"true\" data-break_parents=\"0\" data-bg-image=\"https:\/\/www.knaak-legal.de\/wp-content\/uploads\/2020\/11\/KnaakLegal_Persoenliche_Beratung_Slider_RGB_DSC04141.jpg\" data-bg-repeat=\"false\"><\/div><div class=\"fusion-fullwidth fullwidth-box fusion-builder-row-2 fusion-flex-container fusion-parallax-up nonhundred-percent-fullwidth non-hundred-percent-height-scrolling\" style=\"--awb-border-radius-top-left:0px;--awb-border-radius-top-right:0px;--awb-border-radius-bottom-right:0px;--awb-border-radius-bottom-left:0px;--awb-padding-top:18%;--awb-padding-bottom:18%;--awb-background-image:url(&quot;https:\/\/www.knaak-legal.de\/wp-content\/uploads\/2020\/11\/KnaakLegal_Persoenliche_Beratung_Slider_RGB_DSC04141.jpg&quot;);--awb-background-size:cover;--awb-flex-wrap:wrap;\"><div class=\"fusion-builder-row fusion-row fusion-flex-align-items-flex-start fusion-flex-justify-content-center fusion-flex-content-wrap\" style=\"max-width:1539.2px;margin-left: calc(-4% \/ 2 );margin-right: calc(-4% \/ 2 );\"><div class=\"fusion-layout-column fusion_builder_column fusion-builder-column-3 fusion_builder_column_1_1 1_1 fusion-flex-column\" style=\"--awb-bg-size:cover;--awb-width-large:100%;--awb-margin-top-large:0px;--awb-spacing-right-large:1.92%;--awb-margin-bottom-large:0px;--awb-spacing-left-large:1.92%;--awb-width-medium:100%;--awb-spacing-right-medium:1.92%;--awb-spacing-left-medium:1.92%;--awb-width-small:100%;--awb-spacing-right-small:1.92%;--awb-spacing-left-small:1.92%;\"><div class=\"fusion-column-wrapper fusion-flex-justify-content-flex-start fusion-content-layout-column\"><div class=\"fusion-title title fusion-title-1 fusion-sep-none fusion-title-center fusion-title-text fusion-title-size-two\" style=\"--awb-text-color:#ffffff;--awb-font-size:60px;\"><h2 class=\"fusion-title-heading title-heading-center fusion-responsive-typography-calculated\" style=\"margin:0;font-size:1em;--fontSize:60;line-height:1.3;\"><h1><span style=\"font-weight: bold; letter-spacing: 1px; line-height: 48px;\">KNAAK<\/span><span style=\"font-weight: 10; letter-spacing: 1px; line-height: 48px;\">LEGAL<\/span><\/h1><\/h2><\/div><div class=\"fusion-separator fusion-full-width-sep\" style=\"align-self: center;margin-left: auto;margin-right: auto;margin-top:-30px;width:100%;\"><\/div><div class=\"fusion-text fusion-text-3\"><p style=\"text-align: center; color: #fff; font-size: 25px; line-height: 48px;\">Vot\u00adre par\u00adten\u00adaire com\u00adp\u00e9\u00adtent et fia\u00adble pour tou\u00adtes les affai\u00adres g\u00e9n\u00e9\u00adra\u00adles et juridiques.<\/p>\n<\/div><div class=\"fusion-separator fusion-full-width-sep\" style=\"align-self: center;margin-left: auto;margin-right: auto;margin-top:20px;width:100%;\"><\/div><div style=\"text-align:center;\"><a class=\"fusion-button button-flat button-xlarge button-custom fusion-button-default button-1 fusion-button-default-span fusion-button-default-type fusion-has-button-gradient\" style=\"--button_accent_color:#ffffff;--button_accent_hover_color:#ffffff;--button_border_hover_color:#ffffff;--button_border_width-top:1px;--button_border_width-right:1px;--button_border_width-bottom:1px;--button_border_width-left:1px;--button_gradient_top_color:rgba(76,81,102,0);--button_gradient_bottom_color:rgba(76,81,102,0);--button_gradient_top_color_hover:#b9496b;--button_gradient_bottom_color_hover:#893350;\" target=\"_self\" href=\"mailto:info@knaak-legal.de\"><span class=\"fusion-button-text\">Cont\u00adact<\/span><\/a><\/div><\/div><\/div><\/div><\/div>\n","protected":false},"excerpt":{"rendered":"","protected":false},"author":1,"featured_media":0,"parent":0,"menu_order":0,"comment_status":"closed","ping_status":"closed","template":"100-width.php","meta":{"wp_typography_post_enhancements_disabled":false},"_links":{"self":[{"href":"https:\/\/www.knaak-legal.de\/fr\/wp-json\/wp\/v2\/pages\/2448"}],"collection":[{"href":"https:\/\/www.knaak-legal.de\/fr\/wp-json\/wp\/v2\/pages"}],"about":[{"href":"https:\/\/www.knaak-legal.de\/fr\/wp-json\/wp\/v2\/types\/page"}],"author":[{"embeddable":true,"href":"https:\/\/www.knaak-legal.de\/fr\/wp-json\/wp\/v2\/users\/1"}],"replies":[{"embeddable":true,"href":"https:\/\/www.knaak-legal.de\/fr\/wp-json\/wp\/v2\/comments?post=2448"}],"version-history":[{"count":0,"href":"https:\/\/www.knaak-legal.de\/fr\/wp-json\/wp\/v2\/pages\/2448\/revisions"}],"wp:attachment":[{"href":"https:\/\/www.knaak-legal.de\/fr\/wp-json\/wp\/v2\/media?parent=2448"}],"curies":[{"name":"wp","href":"https:\/\/api.w.org\/{rel}","templated":true}]}}